{"id":2322,"date":"2021-08-31T11:49:59","date_gmt":"2021-08-31T09:49:59","guid":{"rendered":"https:\/\/constructify.se\/about\/"},"modified":"2024-07-02T13:54:29","modified_gmt":"2024-07-02T11:54:29","slug":"about","status":"publish","type":"page","link":"https:\/\/constructifygroup.com\/es\/about\/","title":{"rendered":"Sobre nosotros"},"content":{"rendered":"\t\t<div data-elementor-type=\"wp-page\" data-elementor-id=\"2322\" class=\"elementor elementor-2322 elementor-128\" data-elementor-post-type=\"page\">\n\t\t\t\t\t\t<section class=\"elementor-section elementor-top-section elementor-element elementor-element-699b14e elementor-section-height-min-height elementor-section-items-top elementor-section-boxed elementor-section-height-default\" data-id=\"699b14e\" data-element_type=\"section\" data-settings=\"{&quot;background_background&quot;:&quot;classic&quot;}\">\n\t\t\t\t\t\t\t<div class=\"elementor-background-overlay\"><\/div>\n\t\t\t\t\t\t\t<div class=\"elementor-container elementor-column-gap-default\">\n\t\t\t\t\t<div class=\"elementor-column elementor-col-100 elementor-top-column elementor-element elementor-element-040cc6b\" data-id=\"040cc6b\" data-element_type=\"column\">\n\t\t\t<div class=\"elementor-widget-wrap elementor-element-populated\">\n\t\t\t\t\t\t<div class=\"elementor-element elementor-element-fc873a6 elementor-widget elementor-widget-heading\" data-id=\"fc873a6\" data-element_type=\"widget\" data-widget_type=\"heading.default\">\n\t\t\t\t<div class=\"elementor-widget-container\">\n\t\t\t<h1 class=\"elementor-heading-title elementor-size-default\">Sobre nosotros<\/h1>\t\t<\/div>\n\t\t\t\t<\/div>\n\t\t\t\t\t<\/div>\n\t\t<\/div>\n\t\t\t\t\t<\/div>\n\t\t<\/section>\n\t\t\t\t<section class=\"elementor-section elementor-top-section elementor-element elementor-element-3387f7f elementor-section-boxed elementor-section-height-default elementor-section-height-default\" data-id=\"3387f7f\" data-element_type=\"section\">\n\t\t\t\t\t\t<div class=\"elementor-container elementor-column-gap-default\">\n\t\t\t\t\t<div class=\"elementor-column elementor-col-50 elementor-top-column elementor-element elementor-element-7c7c307\" data-id=\"7c7c307\" data-element_type=\"column\">\n\t\t\t<div class=\"elementor-widget-wrap elementor-element-populated\">\n\t\t\t\t\t\t<div class=\"elementor-element elementor-element-7a9dd11 elementor-widget elementor-widget-heading\" data-id=\"7a9dd11\" data-element_type=\"widget\" data-widget_type=\"heading.default\">\n\t\t\t\t<div class=\"elementor-widget-container\">\n\t\t\t<h2 class=\"elementor-heading-title elementor-size-default\">Calidad y valor sin intermediarios<\/h2>\t\t<\/div>\n\t\t\t\t<\/div>\n\t\t\t\t<div class=\"elementor-element elementor-element-8318ff3 elementor-widget elementor-widget-text-editor\" data-id=\"8318ff3\" data-element_type=\"widget\" data-widget_type=\"text-editor.default\">\n\t\t\t\t<div class=\"elementor-widget-container\">\n\t\t\t\t\t\t\t<p>\u00a1Calidad a precios competitivos con un enfoque en relaciones comerciales a largo plazo es lo que defendemos!<\/p>\n<p>Constructify Group es una empresa que se esfuerza constantemente por crear una gama atractiva de productos para que sea f\u00e1cil para sus clientes ser los mejores del mercado. Con nosotros, puede estar seguro de que obtiene calidad a los mejores precios del mercado. Somos la f\u00e1brica, lo que significa que no hay intermediarios, y nuestra visi\u00f3n es ofrecer la mayor selecci\u00f3n de la industria y proporcionar un servicio al cliente eficiente.  <\/p>\n\t\t\t\t\t\t<\/div>\n\t\t\t\t<\/div>\n\t\t\t\t<div class=\"elementor-element elementor-element-fbb2593 elementor-widget elementor-widget-button\" data-id=\"fbb2593\" data-element_type=\"widget\" data-widget_type=\"button.default\">\n\t\t\t\t<div class=\"elementor-widget-container\">\n\t\t\t\t\t<div class=\"elementor-button-wrapper\">\n\t\t\t<a class=\"elementor-button elementor-button-link elementor-size-sm\" href=\"\/es\/contact\/\">\n\t\t\t\t\t\t<span class=\"elementor-button-content-wrapper\">\n\t\t\t\t\t\t\t\t\t<span class=\"elementor-button-text\">Cont\u00e1ctanos<\/span>\n\t\t\t\t\t<\/span>\n\t\t\t\t\t<\/a>\n\t\t<\/div>\n\t\t\t\t<\/div>\n\t\t\t\t<\/div>\n\t\t\t\t\t<\/div>\n\t\t<\/div>\n\t\t\t\t<div class=\"elementor-column elementor-col-50 elementor-top-column elementor-element elementor-element-728f2a5\" data-id=\"728f2a5\" data-element_type=\"column\">\n\t\t\t<div class=\"elementor-widget-wrap\">\n\t\t\t\t\t\t\t<\/div>\n\t\t<\/div>\n\t\t\t\t\t<\/div>\n\t\t<\/section>\n\t\t\t\t<\/div>\n\t\t","protected":false},"excerpt":{"rendered":"<p>Sobre nosotros Calidad y valor sin intermediarios \u00a1Calidad a precios competitivos con un enfoque en relaciones comerciales a largo plazo es lo que defendemos! Constructify Group es una empresa que se esfuerza constantemente por crear una gama atractiva de productos para que sea f\u00e1cil para sus clientes ser los mejores del mercado. Con nosotros, puede [&hellip;]<\/p>\n","protected":false},"author":2,"featured_media":0,"parent":0,"menu_order":0,"comment_status":"closed","ping_status":"closed","template":"elementor_header_footer","meta":{"inline_featured_image":false,"footnotes":""},"class_list":["post-2322","page","type-page","status-publish","hentry"],"_links":{"self":[{"href":"https:\/\/constructifygroup.com\/es\/wp-json\/wp\/v2\/pages\/2322","targetHints":{"allow":["GET"]}}],"collection":[{"href":"https:\/\/constructifygroup.com\/es\/wp-json\/wp\/v2\/pages"}],"about":[{"href":"https:\/\/constructifygroup.com\/es\/wp-json\/wp\/v2\/types\/page"}],"author":[{"embeddable":true,"href":"https:\/\/constructifygroup.com\/es\/wp-json\/wp\/v2\/users\/2"}],"replies":[{"embeddable":true,"href":"https:\/\/constructifygroup.com\/es\/wp-json\/wp\/v2\/comments?post=2322"}],"version-history":[{"count":0,"href":"https:\/\/constructifygroup.com\/es\/wp-json\/wp\/v2\/pages\/2322\/revisions"}],"wp:attachment":[{"href":"https:\/\/constructifygroup.com\/es\/wp-json\/wp\/v2\/media?parent=2322"}],"curies":[{"name":"wp","href":"https:\/\/api.w.org\/{rel}","templated":true}]}}