{"id":2318,"date":"2021-08-31T11:49:59","date_gmt":"2021-08-31T09:49:59","guid":{"rendered":"https:\/\/constructify.se\/about\/"},"modified":"2024-07-02T13:53:51","modified_gmt":"2024-07-02T11:53:51","slug":"about","status":"publish","type":"page","link":"https:\/\/constructifygroup.com\/hr\/about\/","title":{"rendered":"O nama"},"content":{"rendered":"\t\t<div data-elementor-type=\"wp-page\" data-elementor-id=\"2318\" class=\"elementor elementor-2318 elementor-128\" data-elementor-post-type=\"page\">\n\t\t\t\t\t\t<section class=\"elementor-section elementor-top-section elementor-element elementor-element-699b14e elementor-section-height-min-height elementor-section-items-top elementor-section-boxed elementor-section-height-default\" data-id=\"699b14e\" data-element_type=\"section\" data-settings=\"{&quot;background_background&quot;:&quot;classic&quot;}\">\n\t\t\t\t\t\t\t<div class=\"elementor-background-overlay\"><\/div>\n\t\t\t\t\t\t\t<div class=\"elementor-container elementor-column-gap-default\">\n\t\t\t\t\t<div class=\"elementor-column elementor-col-100 elementor-top-column elementor-element elementor-element-040cc6b\" data-id=\"040cc6b\" data-element_type=\"column\">\n\t\t\t<div class=\"elementor-widget-wrap elementor-element-populated\">\n\t\t\t\t\t\t<div class=\"elementor-element elementor-element-fc873a6 elementor-widget elementor-widget-heading\" data-id=\"fc873a6\" data-element_type=\"widget\" data-widget_type=\"heading.default\">\n\t\t\t\t<div class=\"elementor-widget-container\">\n\t\t\t<h1 class=\"elementor-heading-title elementor-size-default\">O nama<\/h1>\t\t<\/div>\n\t\t\t\t<\/div>\n\t\t\t\t\t<\/div>\n\t\t<\/div>\n\t\t\t\t\t<\/div>\n\t\t<\/section>\n\t\t\t\t<section class=\"elementor-section elementor-top-section elementor-element elementor-element-3387f7f elementor-section-boxed elementor-section-height-default elementor-section-height-default\" data-id=\"3387f7f\" data-element_type=\"section\">\n\t\t\t\t\t\t<div class=\"elementor-container elementor-column-gap-default\">\n\t\t\t\t\t<div class=\"elementor-column elementor-col-50 elementor-top-column elementor-element elementor-element-7c7c307\" data-id=\"7c7c307\" data-element_type=\"column\">\n\t\t\t<div class=\"elementor-widget-wrap elementor-element-populated\">\n\t\t\t\t\t\t<div class=\"elementor-element elementor-element-7a9dd11 elementor-widget elementor-widget-heading\" data-id=\"7a9dd11\" data-element_type=\"widget\" data-widget_type=\"heading.default\">\n\t\t\t\t<div class=\"elementor-widget-container\">\n\t\t\t<h2 class=\"elementor-heading-title elementor-size-default\">Kvaliteta i vrijednost bez posrednika<\/h2>\t\t<\/div>\n\t\t\t\t<\/div>\n\t\t\t\t<div class=\"elementor-element elementor-element-8318ff3 elementor-widget elementor-widget-text-editor\" data-id=\"8318ff3\" data-element_type=\"widget\" data-widget_type=\"text-editor.default\">\n\t\t\t\t<div class=\"elementor-widget-container\">\n\t\t\t\t\t\t\t<p>Kvaliteta po konkurentnim cijenama s fokusom na dugoro\u010dne poslovne odnose je ono za \u0161to se zala\u017eemo!<\/p>\n<p>Constructify Group je tvrtka koja stalno nastoji stvoriti atraktivan asortiman proizvoda kako bi svojim kupcima olak\u0161ala biti najbolji na tr\u017ei\u0161tu. S nama mo\u017eete biti sigurni da dobivate kvalitetu po najboljim cijenama na tr\u017ei\u0161tu. Mi smo tvornica, \u0161to zna\u010di da nema posrednika, a na\u0161a vizija je ponuditi najve\u0107i izbor u industriji i pru\u017eiti u\u010dinkovitu korisni\u010dku uslugu.  <\/p>\n\t\t\t\t\t\t<\/div>\n\t\t\t\t<\/div>\n\t\t\t\t<div class=\"elementor-element elementor-element-fbb2593 elementor-widget elementor-widget-button\" data-id=\"fbb2593\" data-element_type=\"widget\" data-widget_type=\"button.default\">\n\t\t\t\t<div class=\"elementor-widget-container\">\n\t\t\t\t\t<div class=\"elementor-button-wrapper\">\n\t\t\t<a class=\"elementor-button elementor-button-link elementor-size-sm\" href=\"\/hr\/contact\">\n\t\t\t\t\t\t<span class=\"elementor-button-content-wrapper\">\n\t\t\t\t\t\t\t\t\t<span class=\"elementor-button-text\">Kontaktirajte nas<\/span>\n\t\t\t\t\t<\/span>\n\t\t\t\t\t<\/a>\n\t\t<\/div>\n\t\t\t\t<\/div>\n\t\t\t\t<\/div>\n\t\t\t\t\t<\/div>\n\t\t<\/div>\n\t\t\t\t<div class=\"elementor-column elementor-col-50 elementor-top-column elementor-element elementor-element-728f2a5\" data-id=\"728f2a5\" data-element_type=\"column\">\n\t\t\t<div class=\"elementor-widget-wrap\">\n\t\t\t\t\t\t\t<\/div>\n\t\t<\/div>\n\t\t\t\t\t<\/div>\n\t\t<\/section>\n\t\t\t\t<\/div>\n\t\t","protected":false},"excerpt":{"rendered":"<p>O nama Kvaliteta i vrijednost bez posrednika Kvaliteta po konkurentnim cijenama s fokusom na dugoro\u010dne poslovne odnose je ono za \u0161to se zala\u017eemo! Constructify Group je tvrtka koja stalno nastoji stvoriti atraktivan asortiman proizvoda kako bi svojim kupcima olak\u0161ala biti najbolji na tr\u017ei\u0161tu. S nama mo\u017eete biti sigurni da dobivate kvalitetu po najboljim cijenama na [&hellip;]<\/p>\n","protected":false},"author":2,"featured_media":0,"parent":0,"menu_order":0,"comment_status":"closed","ping_status":"closed","template":"elementor_header_footer","meta":{"inline_featured_image":false,"footnotes":""},"class_list":["post-2318","page","type-page","status-publish","hentry"],"_links":{"self":[{"href":"https:\/\/constructifygroup.com\/hr\/wp-json\/wp\/v2\/pages\/2318","targetHints":{"allow":["GET"]}}],"collection":[{"href":"https:\/\/constructifygroup.com\/hr\/wp-json\/wp\/v2\/pages"}],"about":[{"href":"https:\/\/constructifygroup.com\/hr\/wp-json\/wp\/v2\/types\/page"}],"author":[{"embeddable":true,"href":"https:\/\/constructifygroup.com\/hr\/wp-json\/wp\/v2\/users\/2"}],"replies":[{"embeddable":true,"href":"https:\/\/constructifygroup.com\/hr\/wp-json\/wp\/v2\/comments?post=2318"}],"version-history":[{"count":0,"href":"https:\/\/constructifygroup.com\/hr\/wp-json\/wp\/v2\/pages\/2318\/revisions"}],"wp:attachment":[{"href":"https:\/\/constructifygroup.com\/hr\/wp-json\/wp\/v2\/media?parent=2318"}],"curies":[{"name":"wp","href":"https:\/\/api.w.org\/{rel}","templated":true}]}}