{"id":874,"date":"2024-03-20T12:09:45","date_gmt":"2024-03-20T11:09:45","guid":{"rendered":"https:\/\/constructify.se\/request-received\/"},"modified":"2024-03-25T10:53:50","modified_gmt":"2024-03-25T09:53:50","slug":"request-received","status":"publish","type":"page","link":"https:\/\/constructifygroup.com\/hr\/request-received\/","title":{"rendered":"Zahtjev primljen"},"content":{"rendered":"\t\t<div data-elementor-type=\"wp-page\" data-elementor-id=\"874\" class=\"elementor elementor-874 elementor-388\" data-elementor-post-type=\"page\">\n\t\t\t\t\t\t<section class=\"elementor-section elementor-top-section elementor-element elementor-element-9993ecd elementor-section-boxed elementor-section-height-default elementor-section-height-default\" data-id=\"9993ecd\" data-element_type=\"section\">\n\t\t\t\t\t\t<div class=\"elementor-container elementor-column-gap-default\">\n\t\t\t\t\t<div class=\"elementor-column elementor-col-100 elementor-top-column elementor-element elementor-element-ab213bb\" data-id=\"ab213bb\" data-element_type=\"column\">\n\t\t\t<div class=\"elementor-widget-wrap elementor-element-populated\">\n\t\t\t\t\t\t<div class=\"elementor-element elementor-element-fc8ae09 elementor-widget elementor-widget-heading\" data-id=\"fc8ae09\" data-element_type=\"widget\" data-widget_type=\"heading.default\">\n\t\t\t\t<div class=\"elementor-widget-container\">\n\t\t\t<h1 class=\"elementor-heading-title elementor-size-default\">Va\u0161 upit je poslan.<\/h1>\t\t<\/div>\n\t\t\t\t<\/div>\n\t\t\t\t<div class=\"elementor-element elementor-element-78c41f8 elementor-widget elementor-widget-text-editor\" data-id=\"78c41f8\" data-element_type=\"widget\" data-widget_type=\"text-editor.default\">\n\t\t\t\t<div class=\"elementor-widget-container\">\n\t\t\t\t\t\t\t<p>Hvala na va\u0161em upitu! Radimo na obradi i uskoro \u0107emo vam se javiti s odgovorom. Ako imate dodatnih pitanja, slobodno nas kontaktirajte.<\/p>\n\t\t\t\t\t\t<\/div>\n\t\t\t\t<\/div>\n\t\t\t\t\t<\/div>\n\t\t<\/div>\n\t\t\t\t\t<\/div>\n\t\t<\/section>\n\t\t\t\t<\/div>\n\t\t","protected":false},"excerpt":{"rendered":"<p>Va\u0161 upit je poslan. Hvala na va\u0161em upitu! Radimo na obradi i uskoro \u0107emo vam se javiti s odgovorom. Ako imate dodatnih pitanja, slobodno nas kontaktirajte.<\/p>\n","protected":false},"author":2,"featured_media":0,"parent":0,"menu_order":0,"comment_status":"closed","ping_status":"closed","template":"","meta":{"inline_featured_image":false,"footnotes":""},"class_list":["post-874","page","type-page","status-publish","hentry"],"_links":{"self":[{"href":"https:\/\/constructifygroup.com\/hr\/wp-json\/wp\/v2\/pages\/874","targetHints":{"allow":["GET"]}}],"collection":[{"href":"https:\/\/constructifygroup.com\/hr\/wp-json\/wp\/v2\/pages"}],"about":[{"href":"https:\/\/constructifygroup.com\/hr\/wp-json\/wp\/v2\/types\/page"}],"author":[{"embeddable":true,"href":"https:\/\/constructifygroup.com\/hr\/wp-json\/wp\/v2\/users\/2"}],"replies":[{"embeddable":true,"href":"https:\/\/constructifygroup.com\/hr\/wp-json\/wp\/v2\/comments?post=874"}],"version-history":[{"count":0,"href":"https:\/\/constructifygroup.com\/hr\/wp-json\/wp\/v2\/pages\/874\/revisions"}],"wp:attachment":[{"href":"https:\/\/constructifygroup.com\/hr\/wp-json\/wp\/v2\/media?parent=874"}],"curies":[{"name":"wp","href":"https:\/\/api.w.org\/{rel}","templated":true}]}}