{"id":2320,"date":"2021-08-31T11:49:59","date_gmt":"2021-08-31T09:49:59","guid":{"rendered":"https:\/\/constructify.se\/about\/"},"modified":"2024-07-02T13:55:21","modified_gmt":"2024-07-02T11:55:21","slug":"about","status":"publish","type":"page","link":"https:\/\/constructifygroup.com\/pl\/about\/","title":{"rendered":"O nas"},"content":{"rendered":"\t\t<div data-elementor-type=\"wp-page\" data-elementor-id=\"2320\" class=\"elementor elementor-2320 elementor-128\" data-elementor-post-type=\"page\">\n\t\t\t\t\t\t<section class=\"elementor-section elementor-top-section elementor-element elementor-element-699b14e elementor-section-height-min-height elementor-section-items-top elementor-section-boxed elementor-section-height-default\" data-id=\"699b14e\" data-element_type=\"section\" data-settings=\"{&quot;background_background&quot;:&quot;classic&quot;}\">\n\t\t\t\t\t\t\t<div class=\"elementor-background-overlay\"><\/div>\n\t\t\t\t\t\t\t<div class=\"elementor-container elementor-column-gap-default\">\n\t\t\t\t\t<div class=\"elementor-column elementor-col-100 elementor-top-column elementor-element elementor-element-040cc6b\" data-id=\"040cc6b\" data-element_type=\"column\">\n\t\t\t<div class=\"elementor-widget-wrap elementor-element-populated\">\n\t\t\t\t\t\t<div class=\"elementor-element elementor-element-fc873a6 elementor-widget elementor-widget-heading\" data-id=\"fc873a6\" data-element_type=\"widget\" data-widget_type=\"heading.default\">\n\t\t\t\t<div class=\"elementor-widget-container\">\n\t\t\t<h1 class=\"elementor-heading-title elementor-size-default\">O nas<\/h1>\t\t<\/div>\n\t\t\t\t<\/div>\n\t\t\t\t\t<\/div>\n\t\t<\/div>\n\t\t\t\t\t<\/div>\n\t\t<\/section>\n\t\t\t\t<section class=\"elementor-section elementor-top-section elementor-element elementor-element-3387f7f elementor-section-boxed elementor-section-height-default elementor-section-height-default\" data-id=\"3387f7f\" data-element_type=\"section\">\n\t\t\t\t\t\t<div class=\"elementor-container elementor-column-gap-default\">\n\t\t\t\t\t<div class=\"elementor-column elementor-col-50 elementor-top-column elementor-element elementor-element-7c7c307\" data-id=\"7c7c307\" data-element_type=\"column\">\n\t\t\t<div class=\"elementor-widget-wrap elementor-element-populated\">\n\t\t\t\t\t\t<div class=\"elementor-element elementor-element-7a9dd11 elementor-widget elementor-widget-heading\" data-id=\"7a9dd11\" data-element_type=\"widget\" data-widget_type=\"heading.default\">\n\t\t\t\t<div class=\"elementor-widget-container\">\n\t\t\t<h2 class=\"elementor-heading-title elementor-size-default\">Jako\u015b\u0107 i warto\u015b\u0107 bez po\u015brednik\u00f3w<\/h2>\t\t<\/div>\n\t\t\t\t<\/div>\n\t\t\t\t<div class=\"elementor-element elementor-element-8318ff3 elementor-widget elementor-widget-text-editor\" data-id=\"8318ff3\" data-element_type=\"widget\" data-widget_type=\"text-editor.default\">\n\t\t\t\t<div class=\"elementor-widget-container\">\n\t\t\t\t\t\t\t<p>Jako\u015b\u0107 w konkurencyjnych cenach z naciskiem na d\u0142ugoterminowe relacje biznesowe to to, na czym nam zale\u017cy!<\/p>\n<p>Constructify Group to firma, kt\u00f3ra stale d\u0105\u017cy do stworzenia atrakcyjnej gamy produkt\u00f3w, aby u\u0142atwi\u0107 swoim klientom bycie najlepszym na rynku. Z nami mo\u017cesz by\u0107 pewny, \u017ce otrzymujesz jako\u015b\u0107 w najlepszych cenach na rynku. Jeste\u015bmy fabryk\u0105, co oznacza brak po\u015brednik\u00f3w, a nasza wizja to oferowanie najwi\u0119kszego wyboru w bran\u017cy i zapewnienie sprawnej obs\u0142ugi klienta.  <\/p>\n\t\t\t\t\t\t<\/div>\n\t\t\t\t<\/div>\n\t\t\t\t<div class=\"elementor-element elementor-element-fbb2593 elementor-widget elementor-widget-button\" data-id=\"fbb2593\" data-element_type=\"widget\" data-widget_type=\"button.default\">\n\t\t\t\t<div class=\"elementor-widget-container\">\n\t\t\t\t\t<div class=\"elementor-button-wrapper\">\n\t\t\t<a class=\"elementor-button elementor-button-link elementor-size-sm\" href=\"\/pl\/contact\/\">\n\t\t\t\t\t\t<span class=\"elementor-button-content-wrapper\">\n\t\t\t\t\t\t\t\t\t<span class=\"elementor-button-text\">Skontaktuj si\u0119 z nami<\/span>\n\t\t\t\t\t<\/span>\n\t\t\t\t\t<\/a>\n\t\t<\/div>\n\t\t\t\t<\/div>\n\t\t\t\t<\/div>\n\t\t\t\t\t<\/div>\n\t\t<\/div>\n\t\t\t\t<div class=\"elementor-column elementor-col-50 elementor-top-column elementor-element elementor-element-728f2a5\" data-id=\"728f2a5\" data-element_type=\"column\">\n\t\t\t<div class=\"elementor-widget-wrap\">\n\t\t\t\t\t\t\t<\/div>\n\t\t<\/div>\n\t\t\t\t\t<\/div>\n\t\t<\/section>\n\t\t\t\t<\/div>\n\t\t","protected":false},"excerpt":{"rendered":"<p>O nas Jako\u015b\u0107 i warto\u015b\u0107 bez po\u015brednik\u00f3w Jako\u015b\u0107 w konkurencyjnych cenach z naciskiem na d\u0142ugoterminowe relacje biznesowe to to, na czym nam zale\u017cy! Constructify Group to firma, kt\u00f3ra stale d\u0105\u017cy do stworzenia atrakcyjnej gamy produkt\u00f3w, aby u\u0142atwi\u0107 swoim klientom bycie najlepszym na rynku. Z nami mo\u017cesz by\u0107 pewny, \u017ce otrzymujesz jako\u015b\u0107 w najlepszych cenach na [&hellip;]<\/p>\n","protected":false},"author":2,"featured_media":0,"parent":0,"menu_order":0,"comment_status":"closed","ping_status":"closed","template":"elementor_header_footer","meta":{"inline_featured_image":false,"footnotes":""},"class_list":["post-2320","page","type-page","status-publish","hentry"],"_links":{"self":[{"href":"https:\/\/constructifygroup.com\/pl\/wp-json\/wp\/v2\/pages\/2320","targetHints":{"allow":["GET"]}}],"collection":[{"href":"https:\/\/constructifygroup.com\/pl\/wp-json\/wp\/v2\/pages"}],"about":[{"href":"https:\/\/constructifygroup.com\/pl\/wp-json\/wp\/v2\/types\/page"}],"author":[{"embeddable":true,"href":"https:\/\/constructifygroup.com\/pl\/wp-json\/wp\/v2\/users\/2"}],"replies":[{"embeddable":true,"href":"https:\/\/constructifygroup.com\/pl\/wp-json\/wp\/v2\/comments?post=2320"}],"version-history":[{"count":0,"href":"https:\/\/constructifygroup.com\/pl\/wp-json\/wp\/v2\/pages\/2320\/revisions"}],"wp:attachment":[{"href":"https:\/\/constructifygroup.com\/pl\/wp-json\/wp\/v2\/media?parent=2320"}],"curies":[{"name":"wp","href":"https:\/\/api.w.org\/{rel}","templated":true}]}}